{"id":60,"date":"2018-11-04T13:17:03","date_gmt":"2018-11-04T13:17:03","guid":{"rendered":"https:\/\/app.mswyss.ch\/?page_id=60"},"modified":"2020-09-22T16:40:28","modified_gmt":"2020-09-22T14:40:28","slug":"high-score-bingo","status":"publish","type":"page","link":"https:\/\/app.mswyss.ch\/?page_id=60","title":{"rendered":"High Score Bingo"},"content":{"rendered":"<p><img data-recalc-dims=\"1\" loading=\"lazy\" decoding=\"async\" data-attachment-id=\"72\" data-permalink=\"https:\/\/app.mswyss.ch\/?attachment_id=72\" data-orig-file=\"https:\/\/i0.wp.com\/app.mswyss.ch\/wp-content\/uploads\/2018\/11\/1024.png?fit=1024%2C1024&amp;ssl=1\" data-orig-size=\"1024,1024\" data-comments-opened=\"1\" data-image-meta=\"{&quot;aperture&quot;:&quot;0&quot;,&quot;credit&quot;:&quot;&quot;,&quot;camera&quot;:&quot;&quot;,&quot;caption&quot;:&quot;&quot;,&quot;created_timestamp&quot;:&quot;0&quot;,&quot;copyright&quot;:&quot;&quot;,&quot;focal_length&quot;:&quot;0&quot;,&quot;iso&quot;:&quot;0&quot;,&quot;shutter_speed&quot;:&quot;0&quot;,&quot;title&quot;:&quot;&quot;,&quot;orientation&quot;:&quot;0&quot;}\" data-image-title=\"1024\" data-image-description=\"\" data-image-caption=\"\" data-medium-file=\"https:\/\/i0.wp.com\/app.mswyss.ch\/wp-content\/uploads\/2018\/11\/1024.png?fit=300%2C300&amp;ssl=1\" data-large-file=\"https:\/\/i0.wp.com\/app.mswyss.ch\/wp-content\/uploads\/2018\/11\/1024.png?fit=1024%2C1024&amp;ssl=1\" class=\"size-medium wp-image-72 aligncenter\" src=\"https:\/\/i0.wp.com\/app.mswyss.ch\/wp-content\/uploads\/2018\/11\/1024.png?resize=300%2C300&#038;ssl=1\" alt=\"\" width=\"300\" height=\"300\" srcset=\"https:\/\/i0.wp.com\/app.mswyss.ch\/wp-content\/uploads\/2018\/11\/1024.png?resize=300%2C300&amp;ssl=1 300w, https:\/\/i0.wp.com\/app.mswyss.ch\/wp-content\/uploads\/2018\/11\/1024.png?resize=150%2C150&amp;ssl=1 150w, https:\/\/i0.wp.com\/app.mswyss.ch\/wp-content\/uploads\/2018\/11\/1024.png?resize=768%2C768&amp;ssl=1 768w, https:\/\/i0.wp.com\/app.mswyss.ch\/wp-content\/uploads\/2018\/11\/1024.png?resize=140%2C140&amp;ssl=1 140w, https:\/\/i0.wp.com\/app.mswyss.ch\/wp-content\/uploads\/2018\/11\/1024.png?w=1024&amp;ssl=1 1024w\" sizes=\"auto, (max-width: 300px) 100vw, 300px\" \/><\/p>\n<p>Das knifflige W\u00fcrfelspiel f\u00fcr die ganze Familie.<br \/>\nEine Zahl nach der anderen wird eingetragen, dann wird gepunktet.<br \/>\nWem sind die besten Kombinationen gelungen?<\/p>\n<p>Spiele gegen den Computer, jemanden in der N\u00e4he oder lade einen Game Center Freund ein.<\/p>\n<p><a href=\"https:\/\/gameskeys.net\/top-games-to-play-in-september-2020\/\" target=\"_blank\" rel=\"noopener noreferrer\">In Top Games To Play in September 2020 bei GamesKeys gelistet<\/a><\/p>\n<p><strong>Spielidee<\/strong><br \/>\nDie Spieler erhalten Punkte, indem sie m\u00f6glichst viele gewinnbringende Kombinationen in die Reihen ihrer Spieltafel eintragen. Wenn alle 25 Felder belegt sind, wird gewertet und das Ergebnis notiert. Es gewinnt, wer nach 3 Wertungen die meisten Punkte besitzt.<\/p>\n<p><strong>Spielverlauf<\/strong><br \/>\nDer beginnende Spieler w\u00fcrfelt. Nun muss jeder Spieler diese Zahl in ein beliebiges freies seiner 25 Spielfelder eintragen. Nachdem das jeder getan hat, w\u00fcrfelt der n\u00e4chste Spieler &#8211; und wieder tr\u00e4gt jeder diese Zahl in ein freies Feld ein. Auf diese Weise wird 25-mal gew\u00fcrfelt, bis die Spielfelder der Tafel voll ist.<\/p>\n<p><strong>Auswertung<\/strong><br \/>\nJeder der 5 (waagrechten) Reihen, jede der 5 (senkrechten) Spalten sowie die beiden 5er-Diagonalen werden gewertet und die Punkte in das entsprechende beigefarbene Feld daneben eingetragen. (Im Folgenden werden diese Reihen, Spalten und Diagonalen der Einfachheit halber nur noch &#171;Reihen&#187; genannt.)<\/p>\n<p>Die folgenden acht Kombinationen bringen Punkte:<\/p>\n<ul>\n<li>Zwillinge: Stehen genau zwei gleiche Zahlen in einer Reihe, bringt dies 1 Punkt<\/li>\n<li>Drillinge: Stehen genau drei gleiche Zahlen in einer Reihe, bringt dies 3 Punkte<\/li>\n<li>Vierlinge: Stehen genau vier gleiche Zahlen in einer Reihe, bringt dies 6 Punkte<\/li>\n<li>F\u00fcnflinge: Sind alle f\u00fcnf Zahlen einer Reihe gleich, bringt dies 10 Punkte<\/li>\n<li>Zwei Zwillinge: Stehen zwei gleiche Zahlen und zwei andere gleiche Zahlen in einer Reihe, bringt dies 3 Punkte<\/li>\n<li>Volles Haus: Stehen drei gleiche Zahlen und zwei andere gleiche Zahlen in einer Reihe, bringt dies 8 Punkte<\/li>\n<li>Strasse mit 7: Stehen f\u00fcnf aufeinander folgende Zahlen in einer Reihe und ist eine davon eine 7, bringt dies 8 Punkte<\/li>\n<li>Strasse ohne 7: Stehen f\u00fcnf aufeinander folgende Zahlen in einer Reihe und ist keine davon eine 7, bringt dies 12 Punkte<\/li>\n<\/ul>\n<p><strong>Achtung<\/strong><br \/>\nDie Zahlen einer Strasse m\u00fcssen nicht in der richtigen Reihenfolge stehen (z.B. 4-5-6-7-8), sondern k\u00f6nnen auch durcheinander sein (z.B. 5-7-8-4-6). Strassen mit vier oder weniger Zahlen gelten nicht.<\/p>\n<p><strong>Wichtig:<\/strong><br \/>\nDie Punkte der beiden 5er-Diagonalen werden verdoppelt. (Aus diesem Grund sind sie dunkler eingef\u00e4rbt.)<\/p>\n<p><strong>Spielende<\/strong><br \/>\nNach der 3. Wertungsrunde endet das Spiel. Die Rundenergebnisse werden zusammen gerechnet. Wer die h\u00f6chste Gesamtpunktzahl hat, ist Sieger. Bei Gleichstand gewinnt von diesen Spielern derjenige, der ein h\u00f6heres Rundenergebnis vorweisen kann.<\/p>\n<p><a href=\"https:\/\/itunes.apple.com\/ch\/app\/high-score-bingo\/id1086009672?l=de&amp;ls=1&amp;mt=8\" target=\"_blank\" rel=\"noopener noreferrer\"><img data-recalc-dims=\"1\" loading=\"lazy\" decoding=\"async\" data-attachment-id=\"16\" data-permalink=\"https:\/\/app.mswyss.ch\/?attachment_id=16\" data-orig-file=\"https:\/\/i0.wp.com\/app.mswyss.ch\/wp-content\/uploads\/2018\/11\/apple-store_download.png?fit=4491%2C1552&amp;ssl=1\" data-orig-size=\"4491,1552\" data-comments-opened=\"1\" data-image-meta=\"{&quot;aperture&quot;:&quot;0&quot;,&quot;credit&quot;:&quot;&quot;,&quot;camera&quot;:&quot;&quot;,&quot;caption&quot;:&quot;&quot;,&quot;created_timestamp&quot;:&quot;0&quot;,&quot;copyright&quot;:&quot;&quot;,&quot;focal_length&quot;:&quot;0&quot;,&quot;iso&quot;:&quot;0&quot;,&quot;shutter_speed&quot;:&quot;0&quot;,&quot;title&quot;:&quot;&quot;,&quot;orientation&quot;:&quot;0&quot;}\" data-image-title=\"apple-store_download\" data-image-description=\"\" data-image-caption=\"\" data-medium-file=\"https:\/\/i0.wp.com\/app.mswyss.ch\/wp-content\/uploads\/2018\/11\/apple-store_download.png?fit=300%2C104&amp;ssl=1\" data-large-file=\"https:\/\/i0.wp.com\/app.mswyss.ch\/wp-content\/uploads\/2018\/11\/apple-store_download.png?fit=1024%2C354&amp;ssl=1\" class=\"alignnone wp-image-16 size-medium\" src=\"https:\/\/i0.wp.com\/app.mswyss.ch\/wp-content\/uploads\/2018\/11\/apple-store_download.png?resize=300%2C104&#038;ssl=1\" alt=\"\" width=\"300\" height=\"104\" srcset=\"https:\/\/i0.wp.com\/app.mswyss.ch\/wp-content\/uploads\/2018\/11\/apple-store_download.png?resize=300%2C104&amp;ssl=1 300w, https:\/\/i0.wp.com\/app.mswyss.ch\/wp-content\/uploads\/2018\/11\/apple-store_download.png?resize=768%2C265&amp;ssl=1 768w, https:\/\/i0.wp.com\/app.mswyss.ch\/wp-content\/uploads\/2018\/11\/apple-store_download.png?resize=1024%2C354&amp;ssl=1 1024w, https:\/\/i0.wp.com\/app.mswyss.ch\/wp-content\/uploads\/2018\/11\/apple-store_download.png?resize=1260%2C435&amp;ssl=1 1260w, https:\/\/i0.wp.com\/app.mswyss.ch\/wp-content\/uploads\/2018\/11\/apple-store_download.png?w=2520&amp;ssl=1 2520w, https:\/\/i0.wp.com\/app.mswyss.ch\/wp-content\/uploads\/2018\/11\/apple-store_download.png?w=3780&amp;ssl=1 3780w\" sizes=\"auto, (max-width: 300px) 100vw, 300px\" \/><\/a><\/p>\n","protected":false},"excerpt":{"rendered":"<p>Das knifflige W\u00fcrfelspiel f\u00fcr die ganze Familie. Eine Zahl nach der anderen wird eingetragen, dann wird gepunktet. Wem sind die besten Kombinationen gelungen? Spiele gegen den Computer, jemanden in der N\u00e4he oder lade einen Game Center Freund ein. In Top Games To Play in September 2020 bei GamesKeys gelistet Spielidee Die Spieler erhalten Punkte, indem&hellip; <\/p>\n<p class=\"toivo-read-more\"><a href=\"https:\/\/app.mswyss.ch\/?page_id=60\" class=\"more-link\">Read more <span class=\"screen-reader-text\">High Score Bingo<\/span><\/a><\/p>\n","protected":false},"author":1,"featured_media":0,"parent":0,"menu_order":0,"comment_status":"closed","ping_status":"closed","template":"","meta":{"jetpack_post_was_ever_published":false,"footnotes":""},"class_list":{"0":"post-60","1":"page","2":"type-page","3":"status-publish","5":"entry"},"jetpack_sharing_enabled":true,"jetpack_shortlink":"https:\/\/wp.me\/PapK5s-Y","jetpack-related-posts":[],"jetpack_likes_enabled":false,"_links":{"self":[{"href":"https:\/\/app.mswyss.ch\/index.php?rest_route=\/wp\/v2\/pages\/60","targetHints":{"allow":["GET"]}}],"collection":[{"href":"https:\/\/app.mswyss.ch\/index.php?rest_route=\/wp\/v2\/pages"}],"about":[{"href":"https:\/\/app.mswyss.ch\/index.php?rest_route=\/wp\/v2\/types\/page"}],"author":[{"embeddable":true,"href":"https:\/\/app.mswyss.ch\/index.php?rest_route=\/wp\/v2\/users\/1"}],"replies":[{"embeddable":true,"href":"https:\/\/app.mswyss.ch\/index.php?rest_route=%2Fwp%2Fv2%2Fcomments&post=60"}],"version-history":[{"count":4,"href":"https:\/\/app.mswyss.ch\/index.php?rest_route=\/wp\/v2\/pages\/60\/revisions"}],"predecessor-version":[{"id":268,"href":"https:\/\/app.mswyss.ch\/index.php?rest_route=\/wp\/v2\/pages\/60\/revisions\/268"}],"wp:attachment":[{"href":"https:\/\/app.mswyss.ch\/index.php?rest_route=%2Fwp%2Fv2%2Fmedia&parent=60"}],"curies":[{"name":"wp","href":"https:\/\/api.w.org\/{rel}","templated":true}]}}